{"id":18,"date":"2019-07-20T00:58:14","date_gmt":"2019-07-20T00:58:14","guid":{"rendered":"http:\/\/bambisafkar.ca\/?page_id=18"},"modified":"2022-05-01T23:22:45","modified_gmt":"2022-05-02T02:22:45","slug":"die-gedanken-sind-frei-ideas-are-free-ich-denke-was-ich-will-i-think-what-i-want","status":"publish","type":"page","link":"https:\/\/bambisafkar.ca\/","title":{"rendered":"\u201cDie Gedanken sind frei\u201d\u2014Ideas are free                                         \u201cIch denke was ich will\u201d\u2014I think what I want"},"content":{"rendered":"\n<h2 class=\"wp-block-heading\">I\u2019m<em>&nbsp;Bambi\/Rima<\/em>, a scientist, human being, and a deer who believes in free thinking and free expression for all.<br><br>Je suis <em>Bambi\/Rima<\/em>. En tant que scientifique et surtout en tant qu&#8217;\u00eatre humain, je crois en la libert\u00e9 de pens\u00e9e et d&#8217;expression pour tous.<br><br>I&#8217;ve been in the news recently. Please find more on my personal website, <a href=\"http:\/\/rimaazar.ca\">rimaazar.ca<\/a><br><br>J&#8217;ai fait les manchettes r\u00e9cemment. Pour plus d&#8217;informations, voir mon site web personnel,<br><a href=\"http:\/\/rimaazar.ca\">rimaazar.ca<\/a><br><br><strong>Raising Money for My Personal Defence Fund\/<br><\/strong>R\u00e9colter des fonds pour couvrir les frais juridiques de ma d\u00e9fense personnelle<strong>:<\/strong><\/h2>\n\n\n\n<div class=\"wp-block-image\"><figure class=\"aligncenter is-resized\"><img decoding=\"async\" src=\"https:\/\/bambisafkar.ca\/wp-content\/uploads\/2021\/05\/FinalForGFM.jpg\" alt=\"\" class=\"wp-image-10700\" width=\"447\" height=\"288\" srcset=\"https:\/\/bambisafkar.ca\/wp-content\/uploads\/2021\/05\/FinalForGFM.jpg 354w, https:\/\/bambisafkar.ca\/wp-content\/uploads\/2021\/05\/FinalForGFM-300x193.jpg 300w\" sizes=\"(max-width: 447px) 85vw, 447px\" \/><\/figure><\/div>\n\n\n\n<embed src=\"https:\/\/www.gofundme.com\/mvc.php?route=widgets\/mediawidget&amp;fund=t88quc-raising-money-for-legal-fees\" type=\"text\/html\" width=\"100%\" height=\"160px\">\n\n\n\n<p style=\"text-align:center\"><strong>Thank you for your heart-warming support.<\/strong><\/p>\n\n\n\n<p style=\"text-align:center\"><strong>Merci du fond du c\u0153ur pour votre soutien chaleureux.<\/strong><\/p>\n\n\n\n<p><strong>ENGLISH (Le fran\u00e7ais suit&#8230;!)<\/strong><\/p>\n\n\n\n<p>Hello everyone:<\/p>\n\n\n\n<p>Many thanks, from the bottom of my heart, for your heart-warming\ncontinuous support over the past 14 months.<\/p>\n\n\n\n<p>It is your generosity that contributed to making the\nresolution of my arbitration process possible in the form of a confidential\nsettlement.<\/p>\n\n\n\n<p>Last but not least, I would like to thank my great lawyer,\nMax, for his outstanding legal counsel throughout my journey.<\/p>\n\n\n\n<p>Below you can find the official statement for the\nsettlement, as released in emails by the university and the union.<\/p>\n\n\n\n<p>Thanks again,<\/p>\n\n\n\n<p>Rima Azar, PhD [or Bambi on her blog]<\/p>\n\n\n\n<p><em>\u201cMount\nAllison University, the Mount Allison Faculty Association and Professor Rima\nAzar (the \u201cParties\u201d) are announcing today that all matters in dispute between\nthem have been resolved.&nbsp;<\/em><em><\/em><\/p>\n\n\n\n<p><em>&nbsp;The\nUniversity received student complaints and took these complaints seriously\npursuant to the&nbsp;Policy on Workplace Harassment&nbsp;and\nthe&nbsp;Anti-Racism Policy. The Parties agree that these processes are\nimportant and complaints of this nature from our students need to be taken\nseriously.&nbsp;<\/em><em><\/em><\/p>\n\n\n\n<p><em>&nbsp;Where all parties have agreed that fostering a respectful and inclusive learning environment &#8211; one which also recognizes academic freedom \u2013 is of the utmost importance, we consider all outstanding issues in dispute resolved, and no further commentary will be offered.\u201d<\/em><\/p>\n\n\n\n<p><strong>FRAN\u00c7AIS<\/strong><\/p>\n\n\n\n<p>Bonjour tout\nle monde:<\/p>\n\n\n\n<p>Un grand\nmerci, du fond du c\u0153ur, pour votre soutien continu et chaleureux au cours des\n14 derniers mois.<\/p>\n\n\n\n<p>C&#8217;est votre\ng\u00e9n\u00e9rosit\u00e9 qui a contribu\u00e9 \u00e0 rendre possible la r\u00e9solution de mon processus\nd&#8217;arbitrage sous la forme d&#8217;un r\u00e8glement confidentiel.<\/p>\n\n\n\n<p>Enfin et\nsurtout, je tiens \u00e0 remercier mon excellent avocat, Me Max, pour ses conseils\njuridiques exceptionnels tout au long de mon parcours.<\/p>\n\n\n\n<p>Vous\ntrouverez ci-dessous le communiqu\u00e9 officiel du r\u00e8glement tel que publi\u00e9 par\ncourriel par l&#8217;universit\u00e9 et le syndicat.<\/p>\n\n\n\n<p>Merci encore,<\/p>\n\n\n\n<p>Rima Azar, PhD [ou\nBambi sur son blog]<\/p>\n\n\n\n<p><em>\u201cMount\nAllison University, the Mount Allison Faculty Association and Professor Rima Azar\n(the \u201cParties\u201d) are announcing today that all matters in dispute between them\nhave been resolved.&nbsp;<\/em><em><\/em><\/p>\n\n\n\n<p><em>&nbsp;The\nUniversity received student complaints and took these complaints seriously\npursuant to the&nbsp;Policy on Workplace Harassment&nbsp;and\nthe&nbsp;Anti-Racism Policy. The Parties agree that these processes are\nimportant and complaints of this nature from our students need to be taken\nseriously.&nbsp;<\/em><em><\/em><\/p>\n\n\n\n<p><em>&nbsp;Where\nall parties have agreed that fostering a respectful and inclusive learning\nenvironment &#8211; one which also recognizes academic freedom \u2013 is of the utmost\nimportance, we consider all outstanding issues in dispute resolved, and no\nfurther commentary will be offered.\u201d<\/em><\/p>\n\n\n\n<p>&#8212;-<\/p>\n\n\n\n<p><strong>ENGLISH (Le fran\u00e7ais suit&#8230;!)<\/strong><\/p>\n\n\n\n<p>I am an Associate Professor of Health Psychology at Mount Allison University (Sackville, NB, Canada). I have been the target of cancel culture since February 22, 2021 simply because I love to write on my Bambi\u2019s Afkar blog: <a rel=\"noreferrer noopener\" href=\"https:\/\/bambisafkar.ca\/\" target=\"_blank\">https:\/\/bambisafkar.ca\/<\/a>&nbsp;. Here is the start of my ongoing saga: <a rel=\"noreferrer noopener\" href=\"https:\/\/nationalpost.com\/opinion\/jonathan-kay-a-white-mob-comes-after-an-arab-canadian-professor-in-the-name-of-anti-racism\" target=\"_blank\">https:\/\/nationalpost.com\/opinion\/jonathan-kay-a-white-mob-comes-after-an-arab-canadian-professor-in-the-name-of-anti-racism<\/a> . I now have been suspended from my job without pay, based on false allegations. We are in a pandemic and times are tough on all. This is why your support means the world to me. I am so grateful for my union\u2019s continuous support in dealing with Mount Allison University. However, the reputational damage already done (defamation, attack to my character) has implications beyond my employer and workplace. I will use the funds raised to cover my personal legal defence fund. I love my students, job, colleagues, university, province, and beautiful country beyond words. My story is beyond academic freedom. I precisely chose to move to Canada for democracy\/freedom of expression. &nbsp;Why are we doing this to ourselves?<\/p>\n\n\n\n<p><strong>FRAN\u00c7AIS<\/strong><\/p>\n\n\n\n<p>En tant que professeure agr\u00e9g\u00e9e de psychologie de la sant\u00e9 \u00e0 l&#8217;Universit\u00e9 Mount Allison (Sackville, N-B, Canada) depuis 13 ann\u00e9es, j&#8217;ai \u00e9t\u00e9 suspendue de mon travail sans salaire, sur la base de fausses all\u00e9gations, en lien avec mes publications sur mon blog personnel Bambi\u2019s Afkar <a rel=\"noreferrer noopener\" href=\"https:\/\/bambisafkar.ca\/\" target=\"_blank\">https:\/\/bambisafkar.ca\/<\/a>&nbsp;. Parall\u00e8lement, depuis le 22 f\u00e9vrier, je suis la cible de messages haineux et d&#8217;une violente campagne de d\u00e9nigrement sur les r\u00e9seaux sociaux.&nbsp; <\/p>\n\n\n\n<p>Je suis tr\u00e8s reconnaissante du soutien de mon syndicat dans ce triste conflit avec l\u2019Universit\u00e9 Mount-Allison.&nbsp; J&#8217;aime mes \u00e9tudiants, mon travail, mes coll\u00e8gues, mon universit\u00e9, ma province et tout mon beau pays du fond de mon c\u0153ur. Cependant, les atteintes d\u00e9j\u00e0 faites \u00e0 ma r\u00e9putation (diffamation, atteinte personnelle) ont des implications qui d\u00e9passent ma relation avec mon employeur et mon environnement de travail. <\/p>\n\n\n\n<p>&nbsp;Les temps sont durs \u00e0 cause de la pand\u00e9mie. Votre aide me sera d&#8217;un grand secours. Les fonds r\u00e9colt\u00e9s seront int\u00e9gralement utilis\u00e9s pour couvrir les frais juridiques de ma d\u00e9fense personnelle.<\/p>\n\n\n\n<p>&nbsp;Mon histoire ne me concerne pas \u00e0 moi seulement. C&#8217;est tout l&#8217;enjeu de la libert\u00e9 acad\u00e9mique qui est vis\u00e9. J&#8217;ai pr\u00e9cis\u00e9ment choisi d\u2019immigrer au Canada en 1990 pour la d\u00e9mocratie et la libert\u00e9 d&#8217;expression qui le caract\u00e9risent. Qu&#8217;est-ce qui est arriv\u00e9 depuis ? Pourquoi cette automutilation? <\/p>\n\n\n\n<p>&nbsp;Pour en savoir plus sur le d\u00e9but de ma saga :<br><a href=\"https:\/\/nationalpost.com\/opinion\/jonathan-kay-a-white-mob-comes-after-an-arab-canadian-professor-in-the-name-of-anti-racism.\" target=\"_blank\" rel=\"noreferrer noopener\">https:\/\/nationalpost.com\/opinion\/jonathan-kay-a-white-mob-comes-after-an-arab-canadian-professor-in-the-name-of-anti-racism.<\/a><\/p>\n\n\n\n<p>&#8212;-<\/p>\n\n\n\n<p>ABOUT THIS BLOG: My first name is Rima and it means a little deer in my mother tongue, Arabic. Hence, the name of this blog (Bambi ?). \u201cAfkar\u201d means thoughts in Arabic. Thoughts (or thinkers) are naturally free. However, paradoxically and sadly, this does not seem to be the case in our days and time, even in a \u201cclever\u201d small town like ours (Sackville, NB). It tells us something about the state of tolerance of diverse opinions, starting with our own brains and extending to our families, communities, schools, and public spaces. <\/p>\n\n\n\n<p>This is why I decided to pay tribute to the freedom of ideas (or thoughts) on this blog by choosing a name that refers to a German song I love dearly, called \u201cDie Gedanken sind frei\u201d (<a href=\"https:\/\/en.wikipedia.org\/wiki\/Die_Gedanken_sind_frei\">https:\/\/en.wikipedia.org\/wiki\/Die_Gedanken_sind_frei<\/a>).<\/p>\n\n\n\n<p>I cannot sing, or at least hum, this song without a\nwink to the sky to you my Dear childhood friend Firas (or Serge Merhi) who left\nus too early \u2639. I would\nlike to re-post an older comment tribute to you, which I wrote on your blog\nwhilst in Toronto, Ontario. I recall having written this tribute to you at the\nexact same time of your burial in Lebanon. I miss you Firas today more than\never! I wonder sometimes how you would have found Canada, and by extension the\nWestern world, nowadays had you been still among us\u2026<\/p>\n\n\n\n<p><a href=\"https:\/\/sergitos-blogtrotter.blogspot.com\/\">https:\/\/sergitos-blogtrotter.blogspot.com\/<\/a><\/p>\n\n\n\n<p>Saturday,\nOctober 6, 2007<\/p>\n\n\n\n<p><strong><a href=\"https:\/\/sergitos-blogtrotter.blogspot.com\/2007\/10\/die-gedanken-sind-frei.html\">Die Gedanken\nsind frei!<\/a> <\/strong><\/p>\n\n\n\n<p>When you were 17 and I was 16 (a year before moving to Canada), we went to the Goethe Institute in Beirut to learn German. I can\u2019t recall how many times we used to sing \u201cDie Gedanken sind frei\u201d on our way to school, a popular old German song celebrating the freedom of thoughts. This is the song, which I will always associate with you in my heart:<br> <br> Die Gedanken sind frei<br> My thoughts freely flower,<br> My thoughts give me power<br> No scholar can map them,<br> No hunter can trap them,<br> No man can deny:<br> Die Gedanken sind frei!<br> <br>Firas, your voice echoes in my ears right now. Between my tears, I smile remembering how you once turned this meaningful lyric into a funny (but still very appropriate) version.<br> <br>Free like a bird (as in the song), you lived your short life to its full extent, realizing so many great things in such little time! As you lived (fully, intensely), you passed away by flying in a rush to the after-life.<br> <br>Brilliant, talented, loving, caring, courageous, crazy, and so handsome! You touched so many lives Firas. Not only you make us all proud, we are grateful because you made an amazing contribution to make our world a better place.<br> <br>I am honoured to be your friend, Firas. Thank you for the wonderful memories in Montreal for several years. I love you so much. The last time you called me in Toronto, I told you so, adding to it \u201cplease don\u2019t forget.\u201d I hope you won\u2019t.<br> <br>I promise that I will always pray for (and be in touch with) your family. My heart goes to your parents and sister, to all your relatives, friends, and loved ones wherever they are, whoever they are.<br> <br>You will be missed greatly\u2026 but most importantly, you will always be remembered! Love prevails and, yes I strongly believe that it can even transcend death. By keeping your memory alive, you will always be alive in our hearts.<br> <br>Rest and fly in peace, my dear friend.<\/p>\n\n\n\n<p><em>Rima Azar<\/em><\/p>\n\n\n\n<p><em>Toronto-Canada<\/em><\/p>\n\n\n\n<p>Posted by <a href=\"https:\/\/www.blogger.com\/profile\/07000566826014574971\">Robert Chidiac <\/a>at <a href=\"https:\/\/sergitos-blogtrotter.blogspot.com\/2007\/10\/die-gedanken-sind-frei.html\">4:33 PM<\/a> <\/p>\n\n\n\n<p>Keeping this spirit in mind, Bambi\u2019s Afkar is a blog that is a space where I can indulge in writing and sharing personal reflections about matters, as a non-expert citizen. Bambi is not reflecting here as a scientist or an employee. Bambi refuses to be limited and categorized in any societal group of any sort; even if some would have liked to see Bambi fitting one homogeneous group, that is without regards to any inter-individual variability among the deer of the world. In other terms, this blog is about the \u201cBambi\u201d in me that loves to jump freely, just like Firas whose ideas were beyond his (short) time on earth: He had a genuine inspiring openness to the world and yet solid proud roots. His parents must have provided him with what I have been lucky to also benefit from myself: Roots and wings. Roots to remain grounded as much as possible and wings to fly as high as possible, at least in the world of dreams and thoughts. &nbsp;<\/p>\n\n\n\n<p>I hope that, as readers, you will recognize yourself, or a facet of yourself, in some of the posts or questions raised. You may agree or disagree. Regardless, I hope you will enjoy and come back to visit again. I may address stories about local affairs, most likely, or about national and even international topics (when they may have an impact on our lives). Matters of interest to \u201cBambi\u201d simply and selfishly ?. Welcome to you, whether you will read silently or provide any comment to fuel an enriching discussion!<\/p>\n","protected":false},"excerpt":{"rendered":"<p>I\u2019m&nbsp;Bambi\/Rima, a scientist, human being, and a deer who believes in free thinking and free expression for all. Je suis Bambi\/Rima. En tant que scientifique et surtout en tant qu&#8217;\u00eatre humain, je crois en la [&hellip;]<\/p>\n","protected":false},"author":1,"featured_media":0,"parent":0,"menu_order":0,"comment_status":"closed","ping_status":"closed","template":"","meta":{"footnotes":""},"_links":{"self":[{"href":"https:\/\/bambisafkar.ca\/index.php\/wp-json\/wp\/v2\/pages\/18"}],"collection":[{"href":"https:\/\/bambisafkar.ca\/index.php\/wp-json\/wp\/v2\/pages"}],"about":[{"href":"https:\/\/bambisafkar.ca\/index.php\/wp-json\/wp\/v2\/types\/page"}],"author":[{"embeddable":true,"href":"https:\/\/bambisafkar.ca\/index.php\/wp-json\/wp\/v2\/users\/1"}],"replies":[{"embeddable":true,"href":"https:\/\/bambisafkar.ca\/index.php\/wp-json\/wp\/v2\/comments?post=18"}],"version-history":[{"count":32,"href":"https:\/\/bambisafkar.ca\/index.php\/wp-json\/wp\/v2\/pages\/18\/revisions"}],"predecessor-version":[{"id":19199,"href":"https:\/\/bambisafkar.ca\/index.php\/wp-json\/wp\/v2\/pages\/18\/revisions\/19199"}],"wp:attachment":[{"href":"https:\/\/bambisafkar.ca\/index.php\/wp-json\/wp\/v2\/media?parent=18"}],"curies":[{"name":"wp","href":"https:\/\/api.w.org\/{rel}","templated":true}]}}